{"id":4196,"date":"2019-09-19T10:42:47","date_gmt":"2019-09-19T08:42:47","guid":{"rendered":"http:\/\/smartwebmo.cloud:74\/sertam2020\/prodotto\/cloche-avec-trop-plein-en-acier-inoxydable\/"},"modified":"2019-09-19T10:42:47","modified_gmt":"2019-09-19T08:42:47","slug":"cloche-avec-trop-plein-en-acier-inoxydable","status":"publish","type":"product","link":"https:\/\/www.sertam.it\/fr\/prodotto\/cloche-avec-trop-plein-en-acier-inoxydable\/","title":{"rendered":"CLOCHE AVEC TROP-PLEIN EN ACIER INOXYDABLE"},"content":{"rendered":"<div class=\"vgblk-rw-wrapper limit-wrapper\">\n<figure class=\"wp-block-embed wp-block-embed-youtube is-type-video is-provider-youtube epyt-figure\"><div class=\"wp-block-embed__wrapper\"><iframe loading=\"lazy\"  id=\"_ytid_48373\"  width=\"630\" height=\"300\"  data-origwidth=\"630\" data-origheight=\"300\" src=\"https:\/\/www.youtube.com\/embed\/lkrhujeY9nk?enablejsapi=1&autoplay=0&cc_load_policy=0&cc_lang_pref=&iv_load_policy=3&loop=1&playlist=lkrhujeY9nk&rel=1&fs=1&playsinline=0&autohide=2&theme=dark&color=red&controls=1&\" class=\"__youtube_prefs__  no-lazyload\" title=\"YouTube player\"  allow=\"fullscreen; accelerometer; autoplay; clipboard-write; encrypted-media; gyroscope; picture-in-picture\" allowfullscreen data-no-lazy=\"1\" data-skipgform_ajax_framebjll=\"\"><\/iframe><\/div><\/figure>\n<p>&nbsp;<\/p>\n<p class=\"p1\">Dispositif d\u2019application de la gla\u00e7ure \u00e9quip\u00e9 de: plaque en acier inoxydable, r\u00e9servoir anti-bulles pour l\u2019alimentation en \u00e9mail avec syst\u00e8me de trop-plein, vanne \u00e0 bille pour la r\u00e9gulation du d\u00e9bit de la gla\u00e7ure, cuve de collecte de la gla\u00e7ure et poteaux de support en acier galvanis\u00e9.<\/p>\n<p>&nbsp;<\/p>\n<p>&nbsp;<\/p>\n<table style=\"height: 494px;\" width=\"400\">\n<tbody>\n<tr>\n<th style=\"text-align: center;\" width=\"400\">MODEL<\/th>\n<th style=\"text-align: center;\" width=\"400\">MAX SIZE<\/th>\n<\/tr>\n<tr>\n<td width=\"110\">\n<p style=\"text-align: center;\">\u00d8 460<\/p>\n<\/td>\n<td width=\"213\">\n<p style=\"text-align: center;\">250 mm<\/p>\n<\/td>\n<\/tr>\n<tr>\n<td width=\"110\">\n<p style=\"text-align: center;\">\u00d8 660<\/p>\n<\/td>\n<td width=\"213\">\n<p style=\"text-align: center;\">440 mm<\/p>\n<\/td>\n<\/tr>\n<tr>\n<td width=\"110\">\n<p style=\"text-align: center;\">\u00d8 800<\/p>\n<\/td>\n<td style=\"text-align: center;\" width=\"400\">550 mm<\/td>\n<\/tr>\n<tr>\n<td width=\"110\">\n<p style=\"text-align: center;\">\u00d8 1000<\/p>\n<\/td>\n<td width=\"213\">\n<p style=\"text-align: center;\">660 mm<\/p>\n<\/td>\n<\/tr>\n<tr>\n<td width=\"110\">\n<p style=\"text-align: center;\">\u00d8 1200<\/p>\n<\/td>\n<td width=\"213\">\n<p style=\"text-align: center;\">900 mm<\/p>\n<\/td>\n<\/tr>\n<tr>\n<td width=\"110\">\n<p style=\"text-align: center;\">\u00d8 1500<\/p>\n<\/td>\n<td style=\"text-align: center;\" width=\"400\">1000 mm<\/td>\n<\/tr>\n<tr>\n<td style=\"text-align: center;\" width=\"110\">\u00d8 1800<\/td>\n<td width=\"213\">\n<p style=\"text-align: center;\">1350 mm<\/p>\n<\/td>\n<\/tr>\n<\/tbody>\n<\/table>\n<\/div>\n<p><!-- .vgblk-rw-wrapper --><\/p>\n","protected":false},"excerpt":{"rendered":"<p>&nbsp; Dispositif d\u2019application de la gla\u00e7ure \u00e9quip\u00e9 de: plaque en acier inoxydable, r\u00e9servoir anti-bulles pour l\u2019alimentation en \u00e9mail avec syst\u00e8me de trop-plein, vanne \u00e0 bille pour la r\u00e9gulation du d\u00e9bit de la gla\u00e7ure, cuve de collecte de la gla\u00e7ure et poteaux de support en acier galvanis\u00e9. &nbsp; &nbsp; MODEL MAX SIZE \u00d8 460 250 mm&#8230;<\/p>\n","protected":false},"featured_media":4199,"template":"","meta":[],"product_brand":[],"product_cat":[104],"product_tag":[],"class_list":{"0":"post-4196","1":"product","2":"type-product","3":"status-publish","4":"has-post-thumbnail","6":"product_cat-dispositifs-pour-lignes-demaillage","8":"first","9":"instock","10":"shipping-taxable","11":"product-type-simple"},"_links":{"self":[{"href":"https:\/\/www.sertam.it\/fr\/wp-json\/wp\/v2\/product\/4196","targetHints":{"allow":["GET"]}}],"collection":[{"href":"https:\/\/www.sertam.it\/fr\/wp-json\/wp\/v2\/product"}],"about":[{"href":"https:\/\/www.sertam.it\/fr\/wp-json\/wp\/v2\/types\/product"}],"wp:featuredmedia":[{"embeddable":true,"href":"https:\/\/www.sertam.it\/fr\/wp-json\/wp\/v2\/media\/4199"}],"wp:attachment":[{"href":"https:\/\/www.sertam.it\/fr\/wp-json\/wp\/v2\/media?parent=4196"}],"wp:term":[{"taxonomy":"product_brand","embeddable":true,"href":"https:\/\/www.sertam.it\/fr\/wp-json\/wp\/v2\/product_brand?post=4196"},{"taxonomy":"product_cat","embeddable":true,"href":"https:\/\/www.sertam.it\/fr\/wp-json\/wp\/v2\/product_cat?post=4196"},{"taxonomy":"product_tag","embeddable":true,"href":"https:\/\/www.sertam.it\/fr\/wp-json\/wp\/v2\/product_tag?post=4196"}],"curies":[{"name":"wp","href":"https:\/\/api.w.org\/{rel}","templated":true}]}}