{"id":4262,"date":"2019-09-19T10:35:25","date_gmt":"2019-09-19T08:35:25","guid":{"rendered":"http:\/\/smartwebmo.cloud:74\/sertam2020\/prodotto\/supreme-airless-4\/"},"modified":"2021-01-05T12:36:40","modified_gmt":"2021-01-05T11:36:40","slug":"supreme-airless-4","status":"publish","type":"product","link":"https:\/\/www.sertam.it\/fr\/prodotto\/supreme-airless-4\/","title":{"rendered":"SUPREME AIRLESS AVEC 4 MOTEURS"},"content":{"rendered":"<div class=\"vgblk-rw-wrapper limit-wrapper\">\n<p><figure class=\"wp-block-embed wp-block-embed-youtube is-type-video is-provider-youtube epyt-figure\"><div class=\"wp-block-embed__wrapper\"><iframe loading=\"lazy\"  id=\"_ytid_67777\"  width=\"630\" height=\"300\"  data-origwidth=\"630\" data-origheight=\"300\" src=\"https:\/\/www.youtube.com\/embed\/Se3-w39N6xo?enablejsapi=1&autoplay=0&cc_load_policy=0&cc_lang_pref=&iv_load_policy=3&loop=1&playlist=Se3-w39N6xo&rel=1&fs=1&playsinline=0&autohide=2&theme=dark&color=red&controls=1&\" class=\"__youtube_prefs__  no-lazyload\" title=\"YouTube player\"  allow=\"fullscreen; accelerometer; autoplay; clipboard-write; encrypted-media; gyroscope; picture-in-picture\" allowfullscreen data-no-lazy=\"1\" data-skipgform_ajax_framebjll=\"\"><\/iframe><\/div><\/figure><br \/><figure class=\"wp-block-embed wp-block-embed-youtube is-type-video is-provider-youtube epyt-figure\"><div class=\"wp-block-embed__wrapper\"><iframe loading=\"lazy\"  id=\"_ytid_28078\"  width=\"630\" height=\"300\"  data-origwidth=\"630\" data-origheight=\"300\" src=\"https:\/\/www.youtube.com\/embed\/zIreAFdA6KA?enablejsapi=1&autoplay=0&cc_load_policy=0&cc_lang_pref=&iv_load_policy=3&loop=1&playlist=zIreAFdA6KA&rel=1&fs=1&playsinline=0&autohide=2&theme=dark&color=red&controls=1&\" class=\"__youtube_prefs__  no-lazyload\" title=\"YouTube player\"  allow=\"fullscreen; accelerometer; autoplay; clipboard-write; encrypted-media; gyroscope; picture-in-picture\" allowfullscreen data-no-lazy=\"1\" data-skipgform_ajax_framebjll=\"\"><\/iframe><\/div><\/figure><\/p>\n<p class=\"p1\">Grace \u00e0 sa longue exp\u00e9rience dans le mouvement lin\u00e9aire et la d\u00e9coration airless, SERTAM soumet \u00ab\u00a0SUPREME AIRLESS 4\u00a0\u00bb, la station pour l&rsquo;application d&rsquo;\u00e9mail sur grands formats jusqu&rsquo;\u00e0 2000 mm.<\/p>\n<p class=\"p1\">La machine est enti\u00e8rement r\u00e9alis\u00e9e en acier inoxydable et elle est \u00e9quip\u00e9 d&rsquo;un contr\u00f4leur de haute performance, simple at intuitif.<\/p>\n<p class=\"p1\">Le mouvement lin\u00e9aire est g\u00e9r\u00e9 par 4 moteurs Brushless, cette caract\u00e9ristique repr\u00e9sente la force de la machine qui est capable d&rsquo;atteindre des vitesses \u00e9lev\u00e9es sans vibration, assurant une parfaite application du produit.<\/p>\n<p class=\"p1\">L&rsquo;application de l&rsquo;\u00e9mail est r\u00e9alis\u00e9e par la Pompe Airless Automatique, le produit plus repr\u00e9sentatif de SERTAM.<\/p>\n<p class=\"p1\">Disponible en versions avec 1, 2, 3, 4 ou 6 moteurs ind\u00e9pendants.<\/p>\n<p>&nbsp;<\/p>\n<table style=\"height: 500px;\" width=\"500\">\n<tbody>\n<tr>\n<th style=\"text-align: center;\" width=\"300\">MAX GREEN SIZE<\/th>\n<th style=\"text-align: center;\" width=\"300\">CABIN OPENING<\/th>\n<\/tr>\n<tr>\n<td width=\"110\">\n<p style=\"text-align: center;\">700 mm<\/p>\n<\/td>\n<td width=\"284\">\n<p style=\"text-align: center;\">900 mm<\/p>\n<\/td>\n<\/tr>\n<tr>\n<td width=\"110\">\n<p style=\"text-align: center;\">800 mm<\/p>\n<\/td>\n<td width=\"284\">\n<p style=\"text-align: center;\">1000 mm<\/p>\n<\/td>\n<\/tr>\n<tr>\n<td width=\"110\">\n<p style=\"text-align: center;\">1000 mm<\/p>\n<\/td>\n<td width=\"284\">\n<p style=\"text-align: center;\">1200 mm<\/p>\n<\/td>\n<\/tr>\n<tr>\n<td style=\"text-align: center;\" width=\"110\">1350 mm<\/td>\n<td width=\"284\">\n<p style=\"text-align: center;\">1500 mm<\/p>\n<\/td>\n<\/tr>\n<tr>\n<td style=\"text-align: center;\" width=\"110\">1450 mm<\/td>\n<td width=\"284\">\n<p style=\"text-align: center;\">1600 mm<\/p>\n<\/td>\n<\/tr>\n<tr>\n<td style=\"text-align: center;\" width=\"110\">1800 mm<\/td>\n<td width=\"284\">\n<p style=\"text-align: center;\">2000 mm<\/p>\n<\/td>\n<\/tr>\n<tr>\n<td style=\"text-align: center;\" width=\"110\">2000 mm<\/td>\n<td style=\"text-align: center;\" width=\"284\">2200 mm<\/td>\n<\/tr>\n<\/tbody>\n<\/table>\n<\/div>\n<p><!-- .vgblk-rw-wrapper --><\/p>\n","protected":false},"excerpt":{"rendered":"<p>Grace \u00e0 sa longue exp\u00e9rience dans le mouvement lin\u00e9aire et la d\u00e9coration airless, SERTAM soumet \u00ab\u00a0SUPREME AIRLESS 4\u00a0\u00bb, la station pour l&rsquo;application d&rsquo;\u00e9mail sur grands formats jusqu&rsquo;\u00e0 2000 mm. La machine est enti\u00e8rement r\u00e9alis\u00e9e en acier inoxydable et elle est \u00e9quip\u00e9 d&rsquo;un contr\u00f4leur de haute performance, simple at intuitif. Le mouvement lin\u00e9aire est g\u00e9r\u00e9 par&#8230;<\/p>\n","protected":false},"featured_media":4263,"template":"","meta":[],"product_brand":[],"product_cat":[104],"product_tag":[],"class_list":{"0":"post-4262","1":"product","2":"type-product","3":"status-publish","4":"has-post-thumbnail","6":"product_cat-dispositifs-pour-lignes-demaillage","8":"first","9":"instock","10":"shipping-taxable","11":"product-type-simple"},"_links":{"self":[{"href":"https:\/\/www.sertam.it\/fr\/wp-json\/wp\/v2\/product\/4262","targetHints":{"allow":["GET"]}}],"collection":[{"href":"https:\/\/www.sertam.it\/fr\/wp-json\/wp\/v2\/product"}],"about":[{"href":"https:\/\/www.sertam.it\/fr\/wp-json\/wp\/v2\/types\/product"}],"wp:featuredmedia":[{"embeddable":true,"href":"https:\/\/www.sertam.it\/fr\/wp-json\/wp\/v2\/media\/4263"}],"wp:attachment":[{"href":"https:\/\/www.sertam.it\/fr\/wp-json\/wp\/v2\/media?parent=4262"}],"wp:term":[{"taxonomy":"product_brand","embeddable":true,"href":"https:\/\/www.sertam.it\/fr\/wp-json\/wp\/v2\/product_brand?post=4262"},{"taxonomy":"product_cat","embeddable":true,"href":"https:\/\/www.sertam.it\/fr\/wp-json\/wp\/v2\/product_cat?post=4262"},{"taxonomy":"product_tag","embeddable":true,"href":"https:\/\/www.sertam.it\/fr\/wp-json\/wp\/v2\/product_tag?post=4262"}],"curies":[{"name":"wp","href":"https:\/\/api.w.org\/{rel}","templated":true}]}}