{"id":4549,"date":"2022-10-12T16:31:38","date_gmt":"2022-10-12T14:31:38","guid":{"rendered":"https:\/\/www.sertam.it\/?post_type=product&#038;p=4549"},"modified":"2022-10-12T18:24:57","modified_gmt":"2022-10-12T16:24:57","slug":"pompe-airless-automatique-s3-copia","status":"publish","type":"product","link":"https:\/\/www.sertam.it\/fr\/prodotto\/pompe-airless-automatique-s3-copia\/","title":{"rendered":"NOZZLES CHECKER"},"content":{"rendered":"<div class=\"vgblk-rw-wrapper limit-wrapper\">\n<p class=\"p1\">Machine pour le contr\u00f4le automatique du d\u00e9bit sur une buse simple.<\/p>\n<p class=\"p1\">Le dispositif est positionn\u00e9 entre tout type de pompe airless, dont il re\u00e7oit le produit, et une cabine d\u2019application vers laquelle il l\u2019envoie.<\/p>\n<p class=\"p1\">La surveillance constante entre le flux entrant et sortant du produit permet \u00e0 la machine de signaler la d\u00e9t\u00e9rioration partielle ou le blocage total d\u2019une ou plusieurs buses.<\/p>\n<p class=\"p1\">Il est disponible pour le contr\u00f4le de 4 \/ 6 \/ 8 buses.<\/p>\n<p class=\"p1\">\n<\/div>\n<p><!-- .vgblk-rw-wrapper --><\/p>\n","protected":false},"excerpt":{"rendered":"<p>Machine pour le contr\u00f4le automatique du d\u00e9bit sur une buse simple. Le dispositif est positionn\u00e9 entre tout type de pompe airless, dont il re\u00e7oit le produit, et une cabine d\u2019application vers laquelle il l\u2019envoie. La surveillance constante entre le flux entrant et sortant du produit permet \u00e0 la machine de signaler la d\u00e9t\u00e9rioration partielle ou&#8230;<\/p>\n","protected":false},"featured_media":4552,"template":"","meta":[],"product_brand":[],"product_cat":[104],"product_tag":[],"class_list":{"0":"post-4549","1":"product","2":"type-product","3":"status-publish","4":"has-post-thumbnail","6":"product_cat-dispositifs-pour-lignes-demaillage","8":"first","9":"instock","10":"shipping-taxable","11":"product-type-simple"},"_links":{"self":[{"href":"https:\/\/www.sertam.it\/fr\/wp-json\/wp\/v2\/product\/4549","targetHints":{"allow":["GET"]}}],"collection":[{"href":"https:\/\/www.sertam.it\/fr\/wp-json\/wp\/v2\/product"}],"about":[{"href":"https:\/\/www.sertam.it\/fr\/wp-json\/wp\/v2\/types\/product"}],"wp:featuredmedia":[{"embeddable":true,"href":"https:\/\/www.sertam.it\/fr\/wp-json\/wp\/v2\/media\/4552"}],"wp:attachment":[{"href":"https:\/\/www.sertam.it\/fr\/wp-json\/wp\/v2\/media?parent=4549"}],"wp:term":[{"taxonomy":"product_brand","embeddable":true,"href":"https:\/\/www.sertam.it\/fr\/wp-json\/wp\/v2\/product_brand?post=4549"},{"taxonomy":"product_cat","embeddable":true,"href":"https:\/\/www.sertam.it\/fr\/wp-json\/wp\/v2\/product_cat?post=4549"},{"taxonomy":"product_tag","embeddable":true,"href":"https:\/\/www.sertam.it\/fr\/wp-json\/wp\/v2\/product_tag?post=4549"}],"curies":[{"name":"wp","href":"https:\/\/api.w.org\/{rel}","templated":true}]}}