{"id":1594,"date":"2020-04-21T17:32:27","date_gmt":"2020-04-21T15:32:27","guid":{"rendered":"http:\/\/smartwebmo.cloud:74\/sertam2020\/?post_type=product&#038;p=1594"},"modified":"2020-07-31T18:08:47","modified_gmt":"2020-07-31T16:08:47","slug":"sbavatori-a-umido","status":"publish","type":"product","link":"https:\/\/www.sertam.it\/it\/prodotto\/sbavatori-a-umido\/","title":{"rendered":"GRUPPO RASCHIANTE A UMIDO CON DISCHI IN GOMMA"},"content":{"rendered":"<div class=\"vgblk-rw-wrapper limit-wrapper\">Macchina per la rimozione dello smalto o bave di pressatura dai lati delle piastrelle in monocottura e bicottura .<\/p>\n<p>\u00c8 dotata di: pacchi disco in gomma, sistema di lavaggio automatico del disco mediante una spazzola motorizzata bagnata con acqua, sistema per l&#8217;eliminazione dell&#8217;eccesso d&#8217;acqua mediante spugna e spatola, n. 2 vasche di raccolta smalto (\u00e8 disponibile anche un modello con un serbatoio di raccolta smalto singolo).<\/p>\n<p>\u00c8 possibile regolare l&#8217;altezza e l&#8217;angolazione dei pacchi disco mediante le manopole.<\/p>\n<p>L&#8217;apertura e la chiusura dei motori e delle unit\u00e0 del pacco dischi possono essere regolate in modo indipendente e l&#8217;operazione di regolazione pu\u00f2 avvenire su entrambi i lati della macchina, potendo cos\u00ec adattarla alle dimensioni della piastrella e al livello di consumo dei dischi.<br \/>\nLa macchina ha 2 motori da 0,25 Kw, tensione 230\/380\/400\/415\/440 V, frequenza 50\/60 Hz.<\/p>\n<p>Sono disponibili tre tipi di dischi di gomma.<\/p>\n<table style=\"height: 403px;\" width=\"803\">\n<tbody>\n<tr>\n<th style=\"text-align: center;\" width=\"400\">MODEL<\/th>\n<th style=\"text-align: center;\" width=\"400\">MIN. SIZE<\/th>\n<th style=\"text-align: center;\" width=\"400\">MAX. ENTRY SIZE<\/th>\n<th style=\"text-align: center;\" width=\"400\">\u00d8 DISCS<\/th>\n<\/tr>\n<tr>\n<td style=\"text-align: center;\">450<\/td>\n<td style=\"text-align: center;\">100 mm<\/td>\n<td style=\"text-align: center;\">450 mm<\/td>\n<td style=\"text-align: center;\">150 \/ 200 \/ 195<\/td>\n<\/tr>\n<tr>\n<td style=\"text-align: center;\">660<\/td>\n<td style=\"text-align: center;\">100 mm<\/td>\n<td style=\"text-align: center;\">660 mm<\/td>\n<td style=\"text-align: center;\">150 \/ 200 \/ 195<\/td>\n<\/tr>\n<tr>\n<td style=\"text-align: center;\">900<\/td>\n<td style=\"text-align: center;\">100 mm<\/td>\n<td style=\"text-align: center;\">900 mm<\/td>\n<td style=\"text-align: center;\">150 \/ 200 \/ 195<\/td>\n<\/tr>\n<tr>\n<td style=\"text-align: center;\">1100<\/td>\n<td style=\"text-align: center;\">100 mm<\/td>\n<td style=\"text-align: center;\">1100 mm<\/td>\n<td style=\"text-align: center;\">150 \/ 200 \/ 195<\/td>\n<\/tr>\n<tr>\n<td style=\"text-align: center;\">1300<\/td>\n<td style=\"text-align: center;\">100 mm<\/td>\n<td style=\"text-align: center;\">1300 mm<\/td>\n<td style=\"text-align: center;\">150 \/ 200 \/ 195<\/td>\n<\/tr>\n<tr>\n<td style=\"text-align: center;\">1500<\/td>\n<td style=\"text-align: center;\">100 mm<\/td>\n<td style=\"text-align: center;\">1500 mm<\/td>\n<td style=\"text-align: center;\">150 \/ 200 \/ 195<\/td>\n<\/tr>\n<tr>\n<td style=\"text-align: center;\">1850<\/td>\n<td style=\"text-align: center;\">100 mm<\/td>\n<td style=\"text-align: center;\">1850 mm<\/td>\n<td style=\"text-align: center;\">150 \/ 200 \/ 195<\/td>\n<\/tr>\n<\/tbody>\n<\/table>\n<\/div>\n<p><!-- .vgblk-rw-wrapper --><\/p>\n","protected":false},"excerpt":{"rendered":"<p>Macchina per la rimozione dello smalto o bave di pressatura dai lati delle piastrelle in monocottura e bicottura . \u00c8 dotata di: pacchi disco in gomma, sistema di lavaggio automatico del disco mediante una spazzola motorizzata bagnata con acqua, sistema per l&#8217;eliminazione dell&#8217;eccesso d&#8217;acqua mediante spugna e spatola, n. 2 vasche di raccolta smalto (\u00e8&#8230;<\/p>\n","protected":false},"featured_media":1674,"template":"","meta":[],"product_brand":[],"product_cat":[15],"product_tag":[],"class_list":{"0":"post-1594","1":"product","2":"type-product","3":"status-publish","4":"has-post-thumbnail","6":"product_cat-accessori-smalteria","8":"first","9":"instock","10":"shipping-taxable","11":"product-type-simple"},"_links":{"self":[{"href":"https:\/\/www.sertam.it\/it\/wp-json\/wp\/v2\/product\/1594","targetHints":{"allow":["GET"]}}],"collection":[{"href":"https:\/\/www.sertam.it\/it\/wp-json\/wp\/v2\/product"}],"about":[{"href":"https:\/\/www.sertam.it\/it\/wp-json\/wp\/v2\/types\/product"}],"wp:featuredmedia":[{"embeddable":true,"href":"https:\/\/www.sertam.it\/it\/wp-json\/wp\/v2\/media\/1674"}],"wp:attachment":[{"href":"https:\/\/www.sertam.it\/it\/wp-json\/wp\/v2\/media?parent=1594"}],"wp:term":[{"taxonomy":"product_brand","embeddable":true,"href":"https:\/\/www.sertam.it\/it\/wp-json\/wp\/v2\/product_brand?post=1594"},{"taxonomy":"product_cat","embeddable":true,"href":"https:\/\/www.sertam.it\/it\/wp-json\/wp\/v2\/product_cat?post=1594"},{"taxonomy":"product_tag","embeddable":true,"href":"https:\/\/www.sertam.it\/it\/wp-json\/wp\/v2\/product_tag?post=1594"}],"curies":[{"name":"wp","href":"https:\/\/api.w.org\/{rel}","templated":true}]}}