{"id":1615,"date":"2020-05-25T16:11:07","date_gmt":"2020-05-25T14:11:07","guid":{"rendered":"http:\/\/smartwebmo.cloud:74\/sertam2020\/?post_type=product&#038;p=1615"},"modified":"2020-07-31T18:19:59","modified_gmt":"2020-07-31T16:19:59","slug":"mass-meter-automatico-controllo-densita","status":"publish","type":"product","link":"https:\/\/www.sertam.it\/it\/prodotto\/mass-meter-automatico-controllo-densita\/","title":{"rendered":"MASS METER DENSITY CONTROL AUTOMATICO"},"content":{"rendered":"<div class=\"vgblk-rw-wrapper limit-wrapper\"><figure class=\"wp-block-embed wp-block-embed-youtube is-type-video is-provider-youtube epyt-figure\"><div class=\"wp-block-embed__wrapper\"><iframe loading=\"lazy\"  id=\"_ytid_21367\"  width=\"630\" height=\"300\"  data-origwidth=\"630\" data-origheight=\"300\" src=\"https:\/\/www.youtube.com\/embed\/P3Y26k3ZwyA?enablejsapi=1&autoplay=0&cc_load_policy=0&cc_lang_pref=&iv_load_policy=3&loop=1&playlist=P3Y26k3ZwyA&rel=1&fs=1&playsinline=0&autohide=2&theme=dark&color=red&controls=1&\" class=\"__youtube_prefs__  no-lazyload\" title=\"YouTube player\"  allow=\"fullscreen; accelerometer; autoplay; clipboard-write; encrypted-media; gyroscope; picture-in-picture\" allowfullscreen data-no-lazy=\"1\" data-skipgform_ajax_framebjll=\"\"><\/iframe><\/div><\/figure><\/p>\n<p>&nbsp;<\/p>\n<p class=\"p1\">Dispositivo per la preparazione e la correzione automatica della densit\u00e0 dello smalto.<\/p>\n<p class=\"p1\">Il Mass Meter Density Control Automatico, completo di mastello da 265 litri con pompa ed agitatore, andr\u00e0 collegato sia all\u2019acqua di rete che alla vasca di stoccaggio contenente smalto ad alta densit\u00e0 o smalto base. Una volta impostato il range di valori sul controller, il dispositivo effettuer\u00e0 la lettura della densit\u00e0 ed, in modalit\u00e0 automatica tramite n. 2 elettrovalvole, apporter\u00e0 le eventuali le correzioni resesi necessarie, tramite l\u2019aggiunta di acqua o l\u2019aggiunta di smalto base. Il Mass Meter Automatico permetter\u00e0 quindi di automatizzare l\u2019intero processo di preparazione e correzione della densit\u00e0.<\/p>\n<\/div>\n<p><!-- .vgblk-rw-wrapper --><\/p>\n","protected":false},"excerpt":{"rendered":"<p>&nbsp; Dispositivo per la preparazione e la correzione automatica della densit\u00e0 dello smalto. Il Mass Meter Density Control Automatico, completo di mastello da 265 litri con pompa ed agitatore, andr\u00e0 collegato sia all\u2019acqua di rete che alla vasca di stoccaggio contenente smalto ad alta densit\u00e0 o smalto base. Una volta impostato il range di valori&#8230;<\/p>\n","protected":false},"featured_media":1392,"template":"","meta":[],"product_brand":[],"product_cat":[15],"product_tag":[],"class_list":{"0":"post-1615","1":"product","2":"type-product","3":"status-publish","4":"has-post-thumbnail","6":"product_cat-accessori-smalteria","8":"first","9":"instock","10":"shipping-taxable","11":"product-type-simple"},"_links":{"self":[{"href":"https:\/\/www.sertam.it\/it\/wp-json\/wp\/v2\/product\/1615","targetHints":{"allow":["GET"]}}],"collection":[{"href":"https:\/\/www.sertam.it\/it\/wp-json\/wp\/v2\/product"}],"about":[{"href":"https:\/\/www.sertam.it\/it\/wp-json\/wp\/v2\/types\/product"}],"wp:featuredmedia":[{"embeddable":true,"href":"https:\/\/www.sertam.it\/it\/wp-json\/wp\/v2\/media\/1392"}],"wp:attachment":[{"href":"https:\/\/www.sertam.it\/it\/wp-json\/wp\/v2\/media?parent=1615"}],"wp:term":[{"taxonomy":"product_brand","embeddable":true,"href":"https:\/\/www.sertam.it\/it\/wp-json\/wp\/v2\/product_brand?post=1615"},{"taxonomy":"product_cat","embeddable":true,"href":"https:\/\/www.sertam.it\/it\/wp-json\/wp\/v2\/product_cat?post=1615"},{"taxonomy":"product_tag","embeddable":true,"href":"https:\/\/www.sertam.it\/it\/wp-json\/wp\/v2\/product_tag?post=1615"}],"curies":[{"name":"wp","href":"https:\/\/api.w.org\/{rel}","templated":true}]}}