{"id":1616,"date":"2020-05-25T16:15:15","date_gmt":"2020-05-25T14:15:15","guid":{"rendered":"http:\/\/smartwebmo.cloud:74\/sertam2020\/?post_type=product&#038;p=1616"},"modified":"2020-07-31T18:21:05","modified_gmt":"2020-07-31T16:21:05","slug":"mass-meter-preparazione-smalto-fuori-linea-controllo-densita","status":"publish","type":"product","link":"https:\/\/www.sertam.it\/it\/prodotto\/mass-meter-preparazione-smalto-fuori-linea-controllo-densita\/","title":{"rendered":"MASS METER DENSITY CONTROL PREPARAZIONE SMALTO FUORI LINEA"},"content":{"rendered":"<div class=\"vgblk-rw-wrapper limit-wrapper\">\n<p class=\"p1\">Dispositivo per la preparazione automatica dello smalto.<\/p>\n<p class=\"p1\">L\u2019operatore dovr\u00e0 riempire parte della vasca di stoccaggio con smalto base ed a questa collegare il MMPS. Dopo che l\u2019operatore avr\u00e0 inserito il range dei valori di riferimento sul controller, il dispositivo effettuer\u00e0 la lettura e l\u2019aggiustamento della densit\u00e0 dello smalto con acqua. Una volta terminato il processo, cio\u00e8 raggiunto un valore densit\u00e0 entro il range, la vasca di stoccaggio potr\u00e0 essere portata in linea e il dispositivo collegato ad un nuova vasca di stoccaggio. Questo permetter\u00e0 di velocizzare il processo di preparazione, eliminando errori dovuti a controlli manuali e riducendo gli sprechi.<\/p>\n<p class=\"p1\">Il dispositivo lavora attraverso una pompa airless a tre pistoni.<\/p>\n<\/div>\n<p><!-- .vgblk-rw-wrapper --><\/p>\n","protected":false},"excerpt":{"rendered":"<p>Dispositivo per la preparazione automatica dello smalto. L\u2019operatore dovr\u00e0 riempire parte della vasca di stoccaggio con smalto base ed a questa collegare il MMPS. Dopo che l\u2019operatore avr\u00e0 inserito il range dei valori di riferimento sul controller, il dispositivo effettuer\u00e0 la lettura e l\u2019aggiustamento della densit\u00e0 dello smalto con acqua. Una volta terminato il processo,&#8230;<\/p>\n","protected":false},"featured_media":1314,"template":"","meta":[],"product_brand":[],"product_cat":[15],"product_tag":[],"class_list":{"0":"post-1616","1":"product","2":"type-product","3":"status-publish","4":"has-post-thumbnail","6":"product_cat-accessori-smalteria","8":"first","9":"instock","10":"shipping-taxable","11":"product-type-simple"},"_links":{"self":[{"href":"https:\/\/www.sertam.it\/it\/wp-json\/wp\/v2\/product\/1616","targetHints":{"allow":["GET"]}}],"collection":[{"href":"https:\/\/www.sertam.it\/it\/wp-json\/wp\/v2\/product"}],"about":[{"href":"https:\/\/www.sertam.it\/it\/wp-json\/wp\/v2\/types\/product"}],"wp:featuredmedia":[{"embeddable":true,"href":"https:\/\/www.sertam.it\/it\/wp-json\/wp\/v2\/media\/1314"}],"wp:attachment":[{"href":"https:\/\/www.sertam.it\/it\/wp-json\/wp\/v2\/media?parent=1616"}],"wp:term":[{"taxonomy":"product_brand","embeddable":true,"href":"https:\/\/www.sertam.it\/it\/wp-json\/wp\/v2\/product_brand?post=1616"},{"taxonomy":"product_cat","embeddable":true,"href":"https:\/\/www.sertam.it\/it\/wp-json\/wp\/v2\/product_cat?post=1616"},{"taxonomy":"product_tag","embeddable":true,"href":"https:\/\/www.sertam.it\/it\/wp-json\/wp\/v2\/product_tag?post=1616"}],"curies":[{"name":"wp","href":"https:\/\/api.w.org\/{rel}","templated":true}]}}