{"id":1773,"date":"2020-05-28T11:18:34","date_gmt":"2020-05-28T09:18:34","guid":{"rendered":"http:\/\/smartwebmo.cloud:74\/sertam2020\/?post_type=product&#038;p=1773"},"modified":"2020-06-23T09:24:34","modified_gmt":"2020-06-23T07:24:34","slug":"campana-in-vetroresina","status":"publish","type":"product","link":"https:\/\/www.sertam.it\/it\/prodotto\/campana-in-vetroresina\/","title":{"rendered":"CAMPANA TTP IN VETRORESINA"},"content":{"rendered":"<div class=\"vgblk-rw-wrapper limit-wrapper\"><figure class=\"wp-block-embed wp-block-embed-youtube is-type-video is-provider-youtube epyt-figure\"><div class=\"wp-block-embed__wrapper\"><iframe loading=\"lazy\"  id=\"_ytid_11077\"  width=\"630\" height=\"300\"  data-origwidth=\"630\" data-origheight=\"300\" src=\"https:\/\/www.youtube.com\/embed\/lkrhujeY9nk?enablejsapi=1&autoplay=0&cc_load_policy=0&cc_lang_pref=&iv_load_policy=3&loop=1&playlist=lkrhujeY9nk&rel=1&fs=1&playsinline=0&autohide=2&theme=dark&color=red&controls=1&\" class=\"__youtube_prefs__  no-lazyload\" title=\"YouTube player\"  allow=\"fullscreen; accelerometer; autoplay; clipboard-write; encrypted-media; gyroscope; picture-in-picture\" allowfullscreen data-no-lazy=\"1\" data-skipgform_ajax_framebjll=\"\"><\/iframe><\/div><\/figure><\/p>\n<p>&nbsp;<\/p>\n<p class=\"p1\">Dispositivo per l\u2019applicazione di smalto equipaggiato con: piatto in acciaio inox, serbatoio anti bolla per alimentazione smalto con sistema troppo pieno, valvola a sfera per regolazione flusso smalto, vasca di raccolta smalto e pali di sostegno in acciaio zincato.<\/p>\n<p>&nbsp;<\/p>\n<p>&nbsp;<\/p>\n<table style=\"height: 494px;\" width=\"400\">\n<tbody>\n<tr>\n<th style=\"text-align: center;\" width=\"400\">MODEL<\/th>\n<th style=\"text-align: center;\" width=\"400\">MAX SIZE<\/th>\n<\/tr>\n<tr>\n<td width=\"110\">\n<p style=\"text-align: center;\">\u00d8 460<\/p>\n<\/td>\n<td width=\"213\">\n<p style=\"text-align: center;\">250 mm<\/p>\n<\/td>\n<\/tr>\n<tr>\n<td width=\"110\">\n<p style=\"text-align: center;\">\u00d8 660<\/p>\n<\/td>\n<td width=\"213\">\n<p style=\"text-align: center;\">440 mm<\/p>\n<\/td>\n<\/tr>\n<tr>\n<td width=\"110\">\n<p style=\"text-align: center;\">\u00d8 800<\/p>\n<\/td>\n<td style=\"text-align: center;\" width=\"400\">550 mm<\/td>\n<\/tr>\n<tr>\n<td width=\"110\">\n<p style=\"text-align: center;\">\u00d8 1000<\/p>\n<\/td>\n<td width=\"213\">\n<p style=\"text-align: center;\">660 mm<\/p>\n<\/td>\n<\/tr>\n<tr>\n<td width=\"110\">\n<p style=\"text-align: center;\">\u00d8 1200<\/p>\n<\/td>\n<td width=\"213\">\n<p style=\"text-align: center;\">900 mm<\/p>\n<\/td>\n<\/tr>\n<tr>\n<td width=\"110\">\n<p style=\"text-align: center;\">\u00d8 1500<\/p>\n<\/td>\n<td style=\"text-align: center;\" width=\"400\">1000 mm<\/td>\n<\/tr>\n<tr>\n<td style=\"text-align: center;\" width=\"110\">\u00d8 1800<\/td>\n<td width=\"213\">\n<p style=\"text-align: center;\">1350 mm<\/p>\n<\/td>\n<\/tr>\n<\/tbody>\n<\/table>\n<\/div>\n<p><!-- .vgblk-rw-wrapper --><\/p>\n","protected":false},"excerpt":{"rendered":"<p>&nbsp; Dispositivo per l\u2019applicazione di smalto equipaggiato con: piatto in acciaio inox, serbatoio anti bolla per alimentazione smalto con sistema troppo pieno, valvola a sfera per regolazione flusso smalto, vasca di raccolta smalto e pali di sostegno in acciaio zincato. &nbsp; &nbsp; MODEL MAX SIZE \u00d8 460 250 mm \u00d8 660 440 mm \u00d8 800&#8230;<\/p>\n","protected":false},"featured_media":1771,"template":"","meta":[],"product_brand":[],"product_cat":[15],"product_tag":[],"class_list":{"0":"post-1773","1":"product","2":"type-product","3":"status-publish","4":"has-post-thumbnail","6":"product_cat-accessori-smalteria","8":"first","9":"instock","10":"shipping-taxable","11":"product-type-simple"},"_links":{"self":[{"href":"https:\/\/www.sertam.it\/it\/wp-json\/wp\/v2\/product\/1773","targetHints":{"allow":["GET"]}}],"collection":[{"href":"https:\/\/www.sertam.it\/it\/wp-json\/wp\/v2\/product"}],"about":[{"href":"https:\/\/www.sertam.it\/it\/wp-json\/wp\/v2\/types\/product"}],"wp:featuredmedia":[{"embeddable":true,"href":"https:\/\/www.sertam.it\/it\/wp-json\/wp\/v2\/media\/1771"}],"wp:attachment":[{"href":"https:\/\/www.sertam.it\/it\/wp-json\/wp\/v2\/media?parent=1773"}],"wp:term":[{"taxonomy":"product_brand","embeddable":true,"href":"https:\/\/www.sertam.it\/it\/wp-json\/wp\/v2\/product_brand?post=1773"},{"taxonomy":"product_cat","embeddable":true,"href":"https:\/\/www.sertam.it\/it\/wp-json\/wp\/v2\/product_cat?post=1773"},{"taxonomy":"product_tag","embeddable":true,"href":"https:\/\/www.sertam.it\/it\/wp-json\/wp\/v2\/product_tag?post=1773"}],"curies":[{"name":"wp","href":"https:\/\/api.w.org\/{rel}","templated":true}]}}