{"id":774,"date":"2019-09-19T10:35:25","date_gmt":"2019-09-19T08:35:25","guid":{"rendered":"http:\/\/sertam2018.smartwebmo.net\/?post_type=product&#038;p=774"},"modified":"2020-08-03T11:12:12","modified_gmt":"2020-08-03T09:12:12","slug":"supreme-airless-4","status":"publish","type":"product","link":"https:\/\/www.sertam.it\/it\/prodotto\/supreme-airless-4\/","title":{"rendered":"SUPREME AIRLESS 4 MOTORI"},"content":{"rendered":"<div class=\"vgblk-rw-wrapper limit-wrapper\"><figure class=\"wp-block-embed wp-block-embed-youtube is-type-video is-provider-youtube epyt-figure\"><div class=\"wp-block-embed__wrapper\"><iframe loading=\"lazy\"  id=\"_ytid_28634\"  width=\"630\" height=\"300\"  data-origwidth=\"630\" data-origheight=\"300\" src=\"https:\/\/www.youtube.com\/embed\/Se3-w39N6xo?enablejsapi=1&autoplay=0&cc_load_policy=0&cc_lang_pref=&iv_load_policy=3&loop=1&playlist=Se3-w39N6xo&rel=1&fs=1&playsinline=0&autohide=2&theme=dark&color=red&controls=1&\" class=\"__youtube_prefs__  no-lazyload\" title=\"YouTube player\"  allow=\"fullscreen; accelerometer; autoplay; clipboard-write; encrypted-media; gyroscope; picture-in-picture\" allowfullscreen data-no-lazy=\"1\" data-skipgform_ajax_framebjll=\"\"><\/iframe><\/div><\/figure><br \/>\n<figure class=\"wp-block-embed wp-block-embed-youtube is-type-video is-provider-youtube epyt-figure\"><div class=\"wp-block-embed__wrapper\"><iframe loading=\"lazy\"  id=\"_ytid_85815\"  width=\"630\" height=\"300\"  data-origwidth=\"630\" data-origheight=\"300\" src=\"https:\/\/www.youtube.com\/embed\/zIreAFdA6KA?enablejsapi=1&autoplay=0&cc_load_policy=0&cc_lang_pref=&iv_load_policy=3&loop=1&playlist=zIreAFdA6KA&rel=1&fs=1&playsinline=0&autohide=2&theme=dark&color=red&controls=1&\" class=\"__youtube_prefs__  no-lazyload\" title=\"YouTube player\"  allow=\"fullscreen; accelerometer; autoplay; clipboard-write; encrypted-media; gyroscope; picture-in-picture\" allowfullscreen data-no-lazy=\"1\" data-skipgform_ajax_framebjll=\"\"><\/iframe><\/div><\/figure><\/p>\n<p class=\"p1\">Forte della sua lunga esperienza nella movimentazione lineare e nella smaltatura airless, SERTAM presenta \u201cSUPREME AIRLESS 4\u201d, la stazione per l\u2019applicazione di smalto sui grandi formati fino a 2000mm.<\/p>\n<p class=\"p1\">La macchina \u00e8 interamente realizzata in acciaio inox ed \u00e8 dotata di un controller altamente performante, semplice e intuitivo.<\/p>\n<p class=\"p1\">I movimenti sono gestiti tramite<span class=\"Apple-converted-space\">\u00a0 <\/span>4 motori Brushless indipendenti, questo rappresenta il vantaggio distintivo della macchina che \u00e8 cos\u00ec in grado di raggiungere alte velocit\u00e0 senza vibrazioni, assicurando la perfetta applicazione del prodotto.<\/p>\n<p class=\"p1\">L\u2019applicazione dello smalto viene effettuata tramite la Pompa Airless Automatica, prodotto di punta di SERTAM e B.P. ELETTRONICA.<\/p>\n<p class=\"p1\">Disponibile nelle versioni con 1, 2, 3, 4 o 6 motori indipendenti.<\/p>\n<p>&nbsp;<\/p>\n<table style=\"height: 500px;\" width=\"500\">\n<tbody>\n<tr>\n<th style=\"text-align: center;\" width=\"300\">MAX GREEN SIZE<\/th>\n<th style=\"text-align: center;\" width=\"300\">CABIN OPENING<\/th>\n<\/tr>\n<tr>\n<td width=\"110\">\n<p style=\"text-align: center;\">700 mm<\/p>\n<\/td>\n<td width=\"284\">\n<p style=\"text-align: center;\">900 mm<\/p>\n<\/td>\n<\/tr>\n<tr>\n<td width=\"110\">\n<p style=\"text-align: center;\">800 mm<\/p>\n<\/td>\n<td width=\"284\">\n<p style=\"text-align: center;\">1000 mm<\/p>\n<\/td>\n<\/tr>\n<tr>\n<td width=\"110\">\n<p style=\"text-align: center;\">1000 mm<\/p>\n<\/td>\n<td width=\"284\">\n<p style=\"text-align: center;\">1200 mm<\/p>\n<\/td>\n<\/tr>\n<tr>\n<td style=\"text-align: center;\" width=\"110\">1350 mm<\/td>\n<td width=\"284\">\n<p style=\"text-align: center;\">1500 mm<\/p>\n<\/td>\n<\/tr>\n<tr>\n<td style=\"text-align: center;\" width=\"110\">1450 mm<\/td>\n<td width=\"284\">\n<p style=\"text-align: center;\">1600 mm<\/p>\n<\/td>\n<\/tr>\n<tr>\n<td style=\"text-align: center;\" width=\"110\">1800 mm<\/td>\n<td width=\"284\">\n<p style=\"text-align: center;\">2000 mm<\/p>\n<\/td>\n<\/tr>\n<tr>\n<td style=\"text-align: center;\" width=\"110\">2000 mm<\/td>\n<td style=\"text-align: center;\" width=\"284\">2200 mm<\/td>\n<\/tr>\n<\/tbody>\n<\/table>\n<\/div>\n<p><!-- .vgblk-rw-wrapper --><\/p>\n","protected":false},"excerpt":{"rendered":"<p>Forte della sua lunga esperienza nella movimentazione lineare e nella smaltatura airless, SERTAM presenta \u201cSUPREME AIRLESS 4\u201d, la stazione per l\u2019applicazione di smalto sui grandi formati fino a 2000mm. La macchina \u00e8 interamente realizzata in acciaio inox ed \u00e8 dotata di un controller altamente performante, semplice e intuitivo. I movimenti sono gestiti tramite\u00a0 4 motori&#8230;<\/p>\n","protected":false},"featured_media":1384,"template":"","meta":[],"product_brand":[],"product_cat":[15],"product_tag":[],"class_list":{"0":"post-774","1":"product","2":"type-product","3":"status-publish","4":"has-post-thumbnail","6":"product_cat-accessori-smalteria","8":"first","9":"instock","10":"shipping-taxable","11":"product-type-simple"},"_links":{"self":[{"href":"https:\/\/www.sertam.it\/it\/wp-json\/wp\/v2\/product\/774","targetHints":{"allow":["GET"]}}],"collection":[{"href":"https:\/\/www.sertam.it\/it\/wp-json\/wp\/v2\/product"}],"about":[{"href":"https:\/\/www.sertam.it\/it\/wp-json\/wp\/v2\/types\/product"}],"wp:featuredmedia":[{"embeddable":true,"href":"https:\/\/www.sertam.it\/it\/wp-json\/wp\/v2\/media\/1384"}],"wp:attachment":[{"href":"https:\/\/www.sertam.it\/it\/wp-json\/wp\/v2\/media?parent=774"}],"wp:term":[{"taxonomy":"product_brand","embeddable":true,"href":"https:\/\/www.sertam.it\/it\/wp-json\/wp\/v2\/product_brand?post=774"},{"taxonomy":"product_cat","embeddable":true,"href":"https:\/\/www.sertam.it\/it\/wp-json\/wp\/v2\/product_cat?post=774"},{"taxonomy":"product_tag","embeddable":true,"href":"https:\/\/www.sertam.it\/it\/wp-json\/wp\/v2\/product_tag?post=774"}],"curies":[{"name":"wp","href":"https:\/\/api.w.org\/{rel}","templated":true}]}}