{"id":782,"date":"2019-09-19T10:42:47","date_gmt":"2019-09-19T08:42:47","guid":{"rendered":"http:\/\/sertam2018.smartwebmo.net\/?post_type=product&#038;p=782"},"modified":"2023-04-12T19:35:43","modified_gmt":"2023-04-12T17:35:43","slug":"campana","status":"publish","type":"product","link":"https:\/\/www.sertam.it\/it\/prodotto\/campana\/","title":{"rendered":"CAMPANA TTP IN ACCIAIO INOX"},"content":{"rendered":"<div class=\"vgblk-rw-wrapper limit-wrapper\"><iframe loading=\"lazy\" title=\"YouTube video player\" src=\"https:\/\/www.youtube.com\/embed\/lkrhujeY9nk\" width=\"560\" height=\"315\" frameborder=\"0\" allowfullscreen=\"allowfullscreen\"><span data-mce-type=\"bookmark\" style=\"display: inline-block; width: 0px; overflow: hidden; line-height: 0;\" class=\"mce_SELRES_start\">\ufeff<\/span><\/iframe><\/p>\n<p>&nbsp;<\/p>\n<p class=\"p1\">Dispositivo per l\u2019applicazione di smalto equipaggiato con: piatto in acciaio inox, serbatoio anti bolla per alimentazione smalto con sistema troppo pieno, valvola a sfera per regolazione flusso smalto, vasca di raccolta smalto e pali di sostegno in acciaio zincato.<\/p>\n<p>&nbsp;<\/p>\n<p>&nbsp;<\/p>\n<table style=\"height: 494px;\" width=\"400\">\n<tbody>\n<tr>\n<th style=\"text-align: center;\" width=\"400\">MODEL<\/th>\n<th style=\"text-align: center;\" width=\"400\">MAX SIZE<\/th>\n<\/tr>\n<tr>\n<td width=\"110\">\n<p style=\"text-align: center;\">\u00d8 460<\/p>\n<\/td>\n<td width=\"213\">\n<p style=\"text-align: center;\">250 mm<\/p>\n<\/td>\n<\/tr>\n<tr>\n<td width=\"110\">\n<p style=\"text-align: center;\">\u00d8 660<\/p>\n<\/td>\n<td width=\"213\">\n<p style=\"text-align: center;\">440 mm<\/p>\n<\/td>\n<\/tr>\n<tr>\n<td width=\"110\">\n<p style=\"text-align: center;\">\u00d8 800<\/p>\n<\/td>\n<td style=\"text-align: center;\" width=\"400\">550 mm<\/td>\n<\/tr>\n<tr>\n<td width=\"110\">\n<p style=\"text-align: center;\">\u00d8 1000<\/p>\n<\/td>\n<td width=\"213\">\n<p style=\"text-align: center;\">660 mm<\/p>\n<\/td>\n<\/tr>\n<tr>\n<td width=\"110\">\n<p style=\"text-align: center;\">\u00d8 1200<\/p>\n<\/td>\n<td width=\"213\">\n<p style=\"text-align: center;\">900 mm<\/p>\n<\/td>\n<\/tr>\n<tr>\n<td width=\"110\">\n<p style=\"text-align: center;\">\u00d8 1500<\/p>\n<\/td>\n<td style=\"text-align: center;\" width=\"400\">1000 mm<\/td>\n<\/tr>\n<tr>\n<td style=\"text-align: center;\" width=\"110\">\u00d8 1800<\/td>\n<td width=\"213\">\n<p style=\"text-align: center;\">1350 mm<\/p>\n<\/td>\n<\/tr>\n<\/tbody>\n<\/table>\n<\/div>\n<p><!-- .vgblk-rw-wrapper --><\/p>\n","protected":false},"excerpt":{"rendered":"<p>\ufeff &nbsp; Dispositivo per l\u2019applicazione di smalto equipaggiato con: piatto in acciaio inox, serbatoio anti bolla per alimentazione smalto con sistema troppo pieno, valvola a sfera per regolazione flusso smalto, vasca di raccolta smalto e pali di sostegno in acciaio zincato. &nbsp; &nbsp; MODEL MAX SIZE \u00d8 460 250 mm \u00d8 660 440 mm \u00d8&#8230;<\/p>\n","protected":false},"featured_media":1769,"template":"","meta":[],"product_brand":[],"product_cat":[15],"product_tag":[],"class_list":{"0":"post-782","1":"product","2":"type-product","3":"status-publish","4":"has-post-thumbnail","6":"product_cat-accessori-smalteria","8":"first","9":"instock","10":"shipping-taxable","11":"product-type-simple"},"_links":{"self":[{"href":"https:\/\/www.sertam.it\/it\/wp-json\/wp\/v2\/product\/782","targetHints":{"allow":["GET"]}}],"collection":[{"href":"https:\/\/www.sertam.it\/it\/wp-json\/wp\/v2\/product"}],"about":[{"href":"https:\/\/www.sertam.it\/it\/wp-json\/wp\/v2\/types\/product"}],"wp:featuredmedia":[{"embeddable":true,"href":"https:\/\/www.sertam.it\/it\/wp-json\/wp\/v2\/media\/1769"}],"wp:attachment":[{"href":"https:\/\/www.sertam.it\/it\/wp-json\/wp\/v2\/media?parent=782"}],"wp:term":[{"taxonomy":"product_brand","embeddable":true,"href":"https:\/\/www.sertam.it\/it\/wp-json\/wp\/v2\/product_brand?post=782"},{"taxonomy":"product_cat","embeddable":true,"href":"https:\/\/www.sertam.it\/it\/wp-json\/wp\/v2\/product_cat?post=782"},{"taxonomy":"product_tag","embeddable":true,"href":"https:\/\/www.sertam.it\/it\/wp-json\/wp\/v2\/product_tag?post=782"}],"curies":[{"name":"wp","href":"https:\/\/api.w.org\/{rel}","templated":true}]}}